{"id":269,"date":"2022-11-12T01:56:29","date_gmt":"2022-11-12T01:56:29","guid":{"rendered":"https:\/\/planeacionsopo.mediawapp.com\/?page_id=269"},"modified":"2023-07-25T13:51:27","modified_gmt":"2023-07-25T18:51:27","slug":"269-2","status":"publish","type":"page","link":"https:\/\/planeacionsopo.mediawapp.com\/index.php\/269-2\/","title":{"rendered":"Indicadores"},"content":{"rendered":"\n<p class=\"has-medium-font-size\"><strong>Estudio de Opini\u00f3n P\u00fablica <\/strong><\/p>\n\n\n\n<div data-wp-interactive=\"core\/file\" class=\"wp-block-file\"><object data-wp-bind--hidden=\"!state.hasPdfPreview\" hidden class=\"wp-block-file__embed\" data=\"https:\/\/planeacionestrategicasopo.gov.co\/wp-content\/uploads\/2023\/07\/ESTUDIO-DE-OPINION-PUBLICA.pdf\" type=\"application\/pdf\" style=\"width:100%;height:600px\" aria-label=\"Incrustado de ESTUDIO-DE-OPINION-PUBLICA.\"><\/object><a id=\"wp-block-file--media-39b0f39b-9e90-4ca1-abc1-a668afe73420\" href=\"https:\/\/planeacionestrategicasopo.gov.co\/wp-content\/uploads\/2023\/07\/ESTUDIO-DE-OPINION-PUBLICA.pdf\">ESTUDIO-DE-OPINION-PUBLICA<\/a><a href=\"https:\/\/planeacionestrategicasopo.gov.co\/wp-content\/uploads\/2023\/07\/ESTUDIO-DE-OPINION-PUBLICA.pdf\" class=\"wp-block-file__button wp-element-button\" download aria-describedby=\"wp-block-file--media-39b0f39b-9e90-4ca1-abc1-a668afe73420\">Descarga<\/a><\/div>\n\n\n\n<hr class=\"wp-block-separator has-alpha-channel-opacity\"\/>\n\n\n\n<p class=\"has-medium-font-size\"><strong>\u00cdndice de Medici\u00f3n y Desempe\u00f1o<\/strong> <\/p>\n\n\n\n<div class=\"wp-block-file\"><a id=\"wp-block-file--media-94d9e9a3-1e07-4c58-8c95-002d3ebc9252\" href=\"https:\/\/planeacionsopo.mediawapp.com\/wp-content\/uploads\/2022\/11\/Indice-de-Medicion-y-Desempeno.pdf\">Indice de Medicion y Desempe\u00f1o<\/a><a href=\"https:\/\/planeacionsopo.mediawapp.com\/wp-content\/uploads\/2022\/11\/Indice-de-Medicion-y-Desempeno.pdf\" class=\"wp-block-file__button wp-element-button\" download aria-describedby=\"wp-block-file--media-94d9e9a3-1e07-4c58-8c95-002d3ebc9252\">Descarga<\/a><\/div>\n\n\n\n<hr class=\"wp-block-separator has-text-color has-alpha-channel-opacity has-background is-style-default\" style=\"background-color:#b3b3b3;color:#b3b3b3\"\/>\n\n\n\n<p class=\"has-medium-font-size\"><strong>Indicadores Coberturas servicios p\u00fablicos Energ\u00eda \u2013 Gas Natural<\/strong><\/p>\n\n\n\n<div class=\"wp-block-file\"><a id=\"wp-block-file--media-10cf1443-45d9-446d-92a9-8a8c046063bb\" href=\"https:\/\/planeacionsopo.mediawapp.com\/wp-content\/uploads\/2022\/11\/Indicadores-Coberturas-servicios-publicos-Energia-Gas-Natural.pdf\">Indicadores Coberturas servicios p\u00fablicos Energia &#8211; Gas Natural<\/a><a href=\"https:\/\/planeacionsopo.mediawapp.com\/wp-content\/uploads\/2022\/11\/Indicadores-Coberturas-servicios-publicos-Energia-Gas-Natural.pdf\" class=\"wp-block-file__button wp-element-button\" download aria-describedby=\"wp-block-file--media-10cf1443-45d9-446d-92a9-8a8c046063bb\">Descarga<\/a><\/div>\n\n\n\n<hr class=\"wp-block-separator has-text-color has-alpha-channel-opacity has-background\" style=\"background-color:#b3b3b3;color:#b3b3b3\"\/>\n\n\n\n<p class=\"has-medium-font-size\"><strong>Indicadores servicios AAA 2021<\/strong><\/p>\n\n\n\n<div class=\"wp-block-file\"><a id=\"wp-block-file--media-1f3d3ba7-ec5a-4e1f-be6f-dc87687d0486\" href=\"https:\/\/planeacionsopo.mediawapp.com\/wp-content\/uploads\/2022\/11\/Indicadores-servicios-AAA-2021.pdf\">Indicadores servicios AAA 2021<\/a><a href=\"https:\/\/planeacionsopo.mediawapp.com\/wp-content\/uploads\/2022\/11\/Indicadores-servicios-AAA-2021.pdf\" class=\"wp-block-file__button wp-element-button\" download aria-describedby=\"wp-block-file--media-1f3d3ba7-ec5a-4e1f-be6f-dc87687d0486\">Descarga<\/a><\/div>\n\n\n\n<div style=\"height:40px\" aria-hidden=\"true\" class=\"wp-block-spacer\"><\/div>\n","protected":false},"excerpt":{"rendered":"<p>Estudio de Opini\u00f3n P\u00fablica \u00cdndice de Medici\u00f3n y Desempe\u00f1o Indicadores Coberturas servicios p\u00fablicos Energ\u00eda \u2013 Gas Natural Indicadores servicios AAA 2021<\/p>\n","protected":false},"author":1,"featured_media":0,"parent":0,"menu_order":0,"comment_status":"closed","ping_status":"closed","template":"","meta":{"neve_meta_sidebar":"","neve_meta_container":"","neve_meta_enable_content_width":"","neve_meta_content_width":0,"neve_meta_title_alignment":"","neve_meta_author_avatar":"","neve_post_elements_order":"","neve_meta_disable_header":"","neve_meta_disable_footer":"","neve_meta_disable_title":"","iawp_total_views":86,"footnotes":""},"class_list":["post-269","page","type-page","status-publish","hentry"],"aioseo_notices":[],"_links":{"self":[{"href":"https:\/\/planeacionsopo.mediawapp.com\/index.php\/wp-json\/wp\/v2\/pages\/269","targetHints":{"allow":["GET"]}}],"collection":[{"href":"https:\/\/planeacionsopo.mediawapp.com\/index.php\/wp-json\/wp\/v2\/pages"}],"about":[{"href":"https:\/\/planeacionsopo.mediawapp.com\/index.php\/wp-json\/wp\/v2\/types\/page"}],"author":[{"embeddable":true,"href":"https:\/\/planeacionsopo.mediawapp.com\/index.php\/wp-json\/wp\/v2\/users\/1"}],"replies":[{"embeddable":true,"href":"https:\/\/planeacionsopo.mediawapp.com\/index.php\/wp-json\/wp\/v2\/comments?post=269"}],"version-history":[{"count":22,"href":"https:\/\/planeacionsopo.mediawapp.com\/index.php\/wp-json\/wp\/v2\/pages\/269\/revisions"}],"predecessor-version":[{"id":548,"href":"https:\/\/planeacionsopo.mediawapp.com\/index.php\/wp-json\/wp\/v2\/pages\/269\/revisions\/548"}],"wp:attachment":[{"href":"https:\/\/planeacionsopo.mediawapp.com\/index.php\/wp-json\/wp\/v2\/media?parent=269"}],"curies":[{"name":"wp","href":"https:\/\/api.w.org\/{rel}","templated":true}]}}