{"id":361,"date":"2023-04-26T11:52:10","date_gmt":"2023-04-26T16:52:10","guid":{"rendered":"https:\/\/planeacionsopo.mediawapp.com\/?page_id=361"},"modified":"2024-04-24T12:52:02","modified_gmt":"2024-04-24T17:52:02","slug":"conoce-nuetro-equipo-de-trabajo","status":"publish","type":"page","link":"https:\/\/planeacionsopo.mediawapp.com\/index.php\/conoce-nuetro-equipo-de-trabajo\/","title":{"rendered":"Conoce nuestro equipo de trabajo"},"content":{"rendered":"\n<div class=\"wp-block-columns is-layout-flex wp-container-core-columns-is-layout-9d6595d7 wp-block-columns-is-layout-flex\">\n<div class=\"wp-block-column is-layout-flow wp-block-column-is-layout-flow\" style=\"flex-basis:33.33%\"><div class=\"wp-block-image\">\n<figure class=\"aligncenter size-medium is-resized\"><img loading=\"lazy\" decoding=\"async\" width=\"199\" height=\"300\" src=\"https:\/\/planeacionestrategicasopo.gov.co\/wp-content\/uploads\/2024\/03\/CC-39818889-OMAYRA-ESPERANZA-CORTES-ARIZA-2-199x300.jpg\" alt=\"\" class=\"wp-image-924\" style=\"aspect-ratio:0.6666666666666666;width:200px\" srcset=\"https:\/\/planeacionsopo.mediawapp.com\/wp-content\/uploads\/2024\/03\/CC-39818889-OMAYRA-ESPERANZA-CORTES-ARIZA-2-199x300.jpg 199w, https:\/\/planeacionsopo.mediawapp.com\/wp-content\/uploads\/2024\/03\/CC-39818889-OMAYRA-ESPERANZA-CORTES-ARIZA-2.jpg 605w\" sizes=\"auto, (max-width: 199px) 100vw, 199px\" \/><\/figure>\n<\/div><\/div>\n\n\n\n<div class=\"wp-block-column is-layout-flow wp-block-column-is-layout-flow\" style=\"flex-basis:66.66%\">\n<p><\/p>\n\n\n\n<p><\/p>\n\n\n\n<p class=\"has-text-align-left\"><strong>Omayra Esperanza Cort\u00e9s Ariza<\/strong> <br>Economista, Especialista en Planeaci\u00f3n Territorial, desempe\u00f1a el cargo de jefe de Oficina Asesora de Planeaci\u00f3n Estrat\u00e9gica.<\/p>\n<\/div>\n<\/div>\n\n\n\n<hr class=\"wp-block-separator has-text-color has-alpha-channel-opacity has-background is-style-dots\" style=\"background-color:#d1cfcf;color:#d1cfcf\"\/>\n\n\n\n<div class=\"wp-block-columns is-layout-flex wp-container-core-columns-is-layout-9d6595d7 wp-block-columns-is-layout-flex\">\n<div class=\"wp-block-column is-layout-flow wp-block-column-is-layout-flow\" style=\"flex-basis:33.33%\"><div class=\"wp-block-image\">\n<figure class=\"aligncenter size-medium is-resized\"><img loading=\"lazy\" decoding=\"async\" width=\"242\" height=\"300\" src=\"https:\/\/planeacionestrategicasopo.gov.co\/wp-content\/uploads\/2024\/04\/WhatsApp-Image-2024-04-12-at-12.16.00-PM-242x300.jpeg\" alt=\"\" class=\"wp-image-940\" style=\"width:199px\" srcset=\"https:\/\/planeacionsopo.mediawapp.com\/wp-content\/uploads\/2024\/04\/WhatsApp-Image-2024-04-12-at-12.16.00-PM-242x300.jpeg 242w, https:\/\/planeacionsopo.mediawapp.com\/wp-content\/uploads\/2024\/04\/WhatsApp-Image-2024-04-12-at-12.16.00-PM.jpeg 574w\" sizes=\"auto, (max-width: 242px) 100vw, 242px\" \/><\/figure>\n<\/div><\/div>\n\n\n\n<div class=\"wp-block-column is-layout-flow wp-block-column-is-layout-flow\" style=\"flex-basis:66.66%\">\n<p><\/p>\n\n\n\n<p><\/p>\n\n\n\n<p class=\"has-text-align-left\"><strong>Ingrid Camila Tarazona Rodriguez<\/strong><br>Ingeniera Ge\u00f3grafa Ambiental con especializaci\u00f3n en Gerencia de Proyectos y en Gesti\u00f3n Publica, desempe\u00f1a el cargo profesional universitario a cargo de la Administraci\u00f3n del Banco de Proyectos y armonizaci\u00f3n del Plan de Desarrollo Municipal.<\/p>\n<\/div>\n<\/div>\n\n\n\n<div class=\"wp-block-columns is-layout-flex wp-container-core-columns-is-layout-9d6595d7 wp-block-columns-is-layout-flex\">\n<div class=\"wp-block-column is-layout-flow wp-block-column-is-layout-flow\" style=\"flex-basis:33.33%\"><div class=\"wp-block-image\">\n<figure class=\"aligncenter size-medium is-resized\"><img loading=\"lazy\" decoding=\"async\" width=\"225\" height=\"300\" src=\"https:\/\/planeacionestrategicasopo.gov.co\/wp-content\/uploads\/2024\/03\/CC-1075871625-DIEGO-ALBARRACIN-CASTRO-225x300.jpg\" alt=\"\" class=\"wp-image-911\" style=\"width:199px\" srcset=\"https:\/\/planeacionsopo.mediawapp.com\/wp-content\/uploads\/2024\/03\/CC-1075871625-DIEGO-ALBARRACIN-CASTRO-225x300.jpg 225w, https:\/\/planeacionsopo.mediawapp.com\/wp-content\/uploads\/2024\/03\/CC-1075871625-DIEGO-ALBARRACIN-CASTRO.jpg 260w\" sizes=\"auto, (max-width: 225px) 100vw, 225px\" \/><\/figure>\n<\/div><\/div>\n\n\n\n<div class=\"wp-block-column is-layout-flow wp-block-column-is-layout-flow\" style=\"flex-basis:66.66%\">\n<p><\/p>\n\n\n\n<p><\/p>\n\n\n\n<p class=\"has-text-align-left\"><strong>Diego Albarrac\u00edn Castro<\/strong><br>Administrador de Empresas con especializaci\u00f3n en BigData y anal\u00edtica de datos, desempe\u00f1a el cargo profesional universitario a cargo de Servicios P\u00fablicos Domiciliarios del municipio de Sop\u00f3.<\/p>\n<\/div>\n<\/div>\n\n\n\n<div class=\"wp-block-columns is-layout-flex wp-container-core-columns-is-layout-9d6595d7 wp-block-columns-is-layout-flex\">\n<div class=\"wp-block-column is-layout-flow wp-block-column-is-layout-flow\" style=\"flex-basis:33.33%\"><div class=\"wp-block-image\">\n<figure class=\"aligncenter size-full is-resized\"><img loading=\"lazy\" decoding=\"async\" width=\"983\" height=\"1261\" src=\"https:\/\/planeacionestrategicasopo.gov.co\/wp-content\/uploads\/2024\/03\/CC-1075875972-ANDRES-FELIPE-RODRIGUEZ-CAMARGO.jpeg\" alt=\"\" class=\"wp-image-918\" style=\"width:200px\" srcset=\"https:\/\/planeacionsopo.mediawapp.com\/wp-content\/uploads\/2024\/03\/CC-1075875972-ANDRES-FELIPE-RODRIGUEZ-CAMARGO.jpeg 983w, https:\/\/planeacionsopo.mediawapp.com\/wp-content\/uploads\/2024\/03\/CC-1075875972-ANDRES-FELIPE-RODRIGUEZ-CAMARGO-234x300.jpeg 234w, https:\/\/planeacionsopo.mediawapp.com\/wp-content\/uploads\/2024\/03\/CC-1075875972-ANDRES-FELIPE-RODRIGUEZ-CAMARGO-798x1024.jpeg 798w, https:\/\/planeacionsopo.mediawapp.com\/wp-content\/uploads\/2024\/03\/CC-1075875972-ANDRES-FELIPE-RODRIGUEZ-CAMARGO-768x985.jpeg 768w\" sizes=\"auto, (max-width: 983px) 100vw, 983px\" \/><\/figure>\n<\/div><\/div>\n\n\n\n<div class=\"wp-block-column is-layout-flow wp-block-column-is-layout-flow\" style=\"flex-basis:66.66%\">\n<p><\/p>\n\n\n\n<p><\/p>\n\n\n\n<p class=\"has-text-align-left\"><strong>Andres Felipe Rodriguez Camargo<\/strong><br>Economista, Especialista en Gerencia Empresarial, desempe\u00f1a el cargo de Profesional Universitario del Sistema de Gesti\u00f3n de Calidad Municipal.<\/p>\n<\/div>\n<\/div>\n\n\n\n<div class=\"wp-block-columns is-layout-flex wp-container-core-columns-is-layout-9d6595d7 wp-block-columns-is-layout-flex\">\n<div class=\"wp-block-column is-layout-flow wp-block-column-is-layout-flow\" style=\"flex-basis:33.33%\"><div class=\"wp-block-image\">\n<figure class=\"aligncenter size-medium is-resized\"><img loading=\"lazy\" decoding=\"async\" width=\"210\" height=\"300\" src=\"https:\/\/planeacionestrategicasopo.gov.co\/wp-content\/uploads\/2024\/04\/WhatsApp-Image-2024-04-24-at-12.47.39-PM-210x300.jpg\" alt=\"\" class=\"wp-image-948\" style=\"width:199px\" srcset=\"https:\/\/planeacionsopo.mediawapp.com\/wp-content\/uploads\/2024\/04\/WhatsApp-Image-2024-04-24-at-12.47.39-PM-210x300.jpg 210w, https:\/\/planeacionsopo.mediawapp.com\/wp-content\/uploads\/2024\/04\/WhatsApp-Image-2024-04-24-at-12.47.39-PM.jpg 265w\" sizes=\"auto, (max-width: 210px) 100vw, 210px\" \/><\/figure>\n<\/div><\/div>\n\n\n\n<div class=\"wp-block-column is-layout-flow wp-block-column-is-layout-flow\" style=\"flex-basis:66.66%\">\n<p><\/p>\n\n\n\n<p><\/p>\n\n\n\n<p class=\"has-text-align-left\"><strong>Ruth Mary Jaimes Granados<\/strong><br>Profesional en Ingenier\u00eda Industrial, Tecn\u00f3loga Ingenier\u00eda Industrial, Mg. Sistemas Integrados de Gesti\u00f3n &#8211; T\u00e9cnico Administrativo a cargo de la oficina del SISBEN del municipio de Sop\u00f3.<\/p>\n<\/div>\n<\/div>\n\n\n\n<div class=\"wp-block-columns is-layout-flex wp-container-core-columns-is-layout-9d6595d7 wp-block-columns-is-layout-flex\">\n<div class=\"wp-block-column is-layout-flow wp-block-column-is-layout-flow\" style=\"flex-basis:33.33%\"><div class=\"wp-block-image\">\n<figure class=\"aligncenter size-medium is-resized\"><img loading=\"lazy\" decoding=\"async\" width=\"233\" height=\"300\" src=\"https:\/\/planeacionestrategicasopo.gov.co\/wp-content\/uploads\/2024\/03\/CC-80432571-JAVIER-EDUARDO-ZAPATA-CUESTAS-233x300.jpg\" alt=\"\" class=\"wp-image-914\" style=\"width:200px\" srcset=\"https:\/\/planeacionsopo.mediawapp.com\/wp-content\/uploads\/2024\/03\/CC-80432571-JAVIER-EDUARDO-ZAPATA-CUESTAS-233x300.jpg 233w, https:\/\/planeacionsopo.mediawapp.com\/wp-content\/uploads\/2024\/03\/CC-80432571-JAVIER-EDUARDO-ZAPATA-CUESTAS.jpg 413w\" sizes=\"auto, (max-width: 233px) 100vw, 233px\" \/><\/figure>\n<\/div><\/div>\n\n\n\n<div class=\"wp-block-column is-layout-flow wp-block-column-is-layout-flow\" style=\"flex-basis:66.66%\">\n<p><\/p>\n\n\n\n<p><\/p>\n\n\n\n<p class=\"has-text-align-left\"><strong>Javier Eduardo Zapata Cuestas<\/strong><br>T\u00e9cnico Profesional en Soporte de Sistemas en Informatica, Diplomado en Gerencia de Proyectos y Big Data, Auditor ICONTEC ISO 9001 y 14001, desempe\u00f1a el cargo de auxiliar administrativo.<\/p>\n<\/div>\n<\/div>\n\n\n\n<div class=\"wp-block-columns is-layout-flex wp-container-core-columns-is-layout-9d6595d7 wp-block-columns-is-layout-flex\">\n<div class=\"wp-block-column is-layout-flow wp-block-column-is-layout-flow\" style=\"flex-basis:33.33%\"><div class=\"wp-block-image\">\n<figure class=\"aligncenter size-medium is-resized\"><img loading=\"lazy\" decoding=\"async\" width=\"228\" height=\"300\" src=\"https:\/\/planeacionestrategicasopo.gov.co\/wp-content\/uploads\/2024\/03\/CC-80432737-JOSE-JOAQUIN-GONZALEZ-SOTO-228x300.jpg\" alt=\"\" class=\"wp-image-912\" style=\"width:200px\" srcset=\"https:\/\/planeacionsopo.mediawapp.com\/wp-content\/uploads\/2024\/03\/CC-80432737-JOSE-JOAQUIN-GONZALEZ-SOTO-228x300.jpg 228w, https:\/\/planeacionsopo.mediawapp.com\/wp-content\/uploads\/2024\/03\/CC-80432737-JOSE-JOAQUIN-GONZALEZ-SOTO-777x1024.jpg 777w, https:\/\/planeacionsopo.mediawapp.com\/wp-content\/uploads\/2024\/03\/CC-80432737-JOSE-JOAQUIN-GONZALEZ-SOTO-768x1012.jpg 768w, https:\/\/planeacionsopo.mediawapp.com\/wp-content\/uploads\/2024\/03\/CC-80432737-JOSE-JOAQUIN-GONZALEZ-SOTO.jpg 883w\" sizes=\"auto, (max-width: 228px) 100vw, 228px\" \/><\/figure>\n<\/div><\/div>\n\n\n\n<div class=\"wp-block-column is-layout-flow wp-block-column-is-layout-flow\" style=\"flex-basis:66.66%\">\n<p><\/p>\n\n\n\n<p><\/p>\n\n\n\n<p class=\"has-text-align-left\"><strong>Jos\u00e9 Joaqu\u00edn Gonz\u00e1lez Soto<\/strong><br>Ingeniero de Sistemas con Especializaci\u00f3n de Proyectos, Auditor HSEQ del a\u00f1o 2021, Diplomado de Control Interno de Gesti\u00f3n, contratista a cargo del proceso de implementaci\u00f3n del Modelo Integrado de Planeaci\u00f3n y Gesti\u00f3n &#8211; MIPG, formulaci\u00f3n del Plan de Desarrollo Municipal y en los diferentes proyectos que se desarrollen con las Pol\u00edticas P\u00fablicas.<\/p>\n<\/div>\n<\/div>\n\n\n\n<div class=\"wp-block-columns is-layout-flex wp-container-core-columns-is-layout-9d6595d7 wp-block-columns-is-layout-flex\">\n<div class=\"wp-block-column is-layout-flow wp-block-column-is-layout-flow\" style=\"flex-basis:33.33%\"><div class=\"wp-block-image\">\n<figure class=\"aligncenter size-medium is-resized\"><img loading=\"lazy\" decoding=\"async\" width=\"233\" height=\"300\" src=\"https:\/\/planeacionestrategicasopo.gov.co\/wp-content\/uploads\/2024\/03\/CC-21021907-BERTHA-ISABEL-RODRIGUEZ-RODRIGUEZ-233x300.jpg\" alt=\"\" class=\"wp-image-915\" style=\"width:200px\" srcset=\"https:\/\/planeacionsopo.mediawapp.com\/wp-content\/uploads\/2024\/03\/CC-21021907-BERTHA-ISABEL-RODRIGUEZ-RODRIGUEZ-233x300.jpg 233w, https:\/\/planeacionsopo.mediawapp.com\/wp-content\/uploads\/2024\/03\/CC-21021907-BERTHA-ISABEL-RODRIGUEZ-RODRIGUEZ-794x1024.jpg 794w, https:\/\/planeacionsopo.mediawapp.com\/wp-content\/uploads\/2024\/03\/CC-21021907-BERTHA-ISABEL-RODRIGUEZ-RODRIGUEZ-768x990.jpg 768w, https:\/\/planeacionsopo.mediawapp.com\/wp-content\/uploads\/2024\/03\/CC-21021907-BERTHA-ISABEL-RODRIGUEZ-RODRIGUEZ.jpg 967w\" sizes=\"auto, (max-width: 233px) 100vw, 233px\" \/><\/figure>\n<\/div><\/div>\n\n\n\n<div class=\"wp-block-column is-layout-flow wp-block-column-is-layout-flow\" style=\"flex-basis:66.66%\">\n<p><\/p>\n\n\n\n<p><\/p>\n\n\n\n<p class=\"has-text-align-left\"><strong>Berta Isabel Rodriguez Rodriguez<\/strong><br>Ingeniera Industrial, Gerencia estrat\u00e9gica, contratista a cargo de brindar acompa\u00f1amiento en las actividades a cargo de la oficina del SISB\u00c9N.<\/p>\n<\/div>\n<\/div>\n\n\n\n<div class=\"wp-block-columns is-layout-flex wp-container-core-columns-is-layout-9d6595d7 wp-block-columns-is-layout-flex\">\n<div class=\"wp-block-column is-layout-flow wp-block-column-is-layout-flow\" style=\"flex-basis:33.33%\"><div class=\"wp-block-image\">\n<figure class=\"aligncenter size-full is-resized\"><img loading=\"lazy\" decoding=\"async\" width=\"177\" height=\"216\" src=\"https:\/\/planeacionestrategicasopo.gov.co\/wp-content\/uploads\/2024\/03\/CC-51871944-EDNA-RUTH-ESPINOZA-GARZON.jpg\" alt=\"\" class=\"wp-image-916\" style=\"width:200px;height:auto\"\/><\/figure>\n<\/div><\/div>\n\n\n\n<div class=\"wp-block-column is-layout-flow wp-block-column-is-layout-flow\" style=\"flex-basis:66.66%\">\n<p><\/p>\n\n\n\n<p><\/p>\n\n\n\n<p class=\"has-text-align-left\"><strong>Edna Ruth Espinoza Garzon<\/strong><br>Administradora de Empresas, Master en Gesti\u00f3n, Direcci\u00f3n de Equipos y Especialista en Programaci\u00f3n Neuroling\u00fc\u00edstica, contratista a cargo de la formulaci\u00f3n y estructuraci\u00f3n de proyectos de cofinanciaci\u00f3n externa y asesora del Sistema General de Regal\u00edas (SGR).<\/p>\n<\/div>\n<\/div>\n\n\n\n<div class=\"wp-block-columns is-layout-flex wp-container-core-columns-is-layout-9d6595d7 wp-block-columns-is-layout-flex\">\n<div class=\"wp-block-column is-layout-flow wp-block-column-is-layout-flow\" style=\"flex-basis:33.33%\"><div class=\"wp-block-image\">\n<figure class=\"aligncenter size-full is-resized\"><img loading=\"lazy\" decoding=\"async\" width=\"413\" height=\"531\" src=\"https:\/\/planeacionestrategicasopo.gov.co\/wp-content\/uploads\/2024\/03\/CC-3169890-JOSE-NELSON-SIATOYA-VILLALOBOS.png\" alt=\"\" class=\"wp-image-917\" style=\"width:200px\" srcset=\"https:\/\/planeacionsopo.mediawapp.com\/wp-content\/uploads\/2024\/03\/CC-3169890-JOSE-NELSON-SIATOYA-VILLALOBOS.png 413w, https:\/\/planeacionsopo.mediawapp.com\/wp-content\/uploads\/2024\/03\/CC-3169890-JOSE-NELSON-SIATOYA-VILLALOBOS-233x300.png 233w\" sizes=\"auto, (max-width: 413px) 100vw, 413px\" \/><\/figure>\n<\/div><\/div>\n\n\n\n<div class=\"wp-block-column is-layout-flow wp-block-column-is-layout-flow\" style=\"flex-basis:66.66%\">\n<p><\/p>\n\n\n\n<p><\/p>\n\n\n\n<p class=\"has-text-align-left\"><strong>Jos\u00e9 Nelson Siatoya Villalobos<\/strong><br>Administrador de Empresas con Especializaci\u00f3n en Anal\u00edtica y BIGData, Diplomado en Simulaci\u00f3n y Transformaci\u00f3n Digital, contratista a cargo de liderar la transformaci\u00f3n digital y la anal\u00edtica de datos e Inteligencia Artificial para la eficiencia en la planeaci\u00f3n estrat\u00e9gica. <\/p>\n<\/div>\n<\/div>\n\n\n\n<div class=\"wp-block-columns is-layout-flex wp-container-core-columns-is-layout-9d6595d7 wp-block-columns-is-layout-flex\">\n<div class=\"wp-block-column is-layout-flow wp-block-column-is-layout-flow\" style=\"flex-basis:33.33%\"><div class=\"wp-block-image\">\n<figure class=\"aligncenter size-full is-resized\"><img loading=\"lazy\" decoding=\"async\" width=\"354\" height=\"472\" src=\"https:\/\/planeacionestrategicasopo.gov.co\/wp-content\/uploads\/2024\/03\/CC-20948480-MARIA-NANCY-RUEDA-CIFUENTES.jpg\" alt=\"\" class=\"wp-image-919\" style=\"width:200px\" srcset=\"https:\/\/planeacionsopo.mediawapp.com\/wp-content\/uploads\/2024\/03\/CC-20948480-MARIA-NANCY-RUEDA-CIFUENTES.jpg 354w, https:\/\/planeacionsopo.mediawapp.com\/wp-content\/uploads\/2024\/03\/CC-20948480-MARIA-NANCY-RUEDA-CIFUENTES-225x300.jpg 225w\" sizes=\"auto, (max-width: 354px) 100vw, 354px\" \/><\/figure>\n<\/div><\/div>\n\n\n\n<div class=\"wp-block-column is-layout-flow wp-block-column-is-layout-flow\" style=\"flex-basis:66.66%\">\n<p><\/p>\n\n\n\n<p><\/p>\n\n\n\n<p class=\"has-text-align-left\"><strong>Maria Nancy Rueda Cifuentes<\/strong><br>Administradora de Empresas con Especializaci\u00f3n en Gerencia de Mercadeo, contratista a cargo de la implementaci\u00f3n del Sistema de Gesti\u00f3n de Calidad en la Alcald\u00eda Municipal y en las instituciones educativas p\u00fablicas del municipio de Sop\u00f3.<\/p>\n<\/div>\n<\/div>\n\n\n\n<div class=\"wp-block-columns is-layout-flex wp-container-core-columns-is-layout-9d6595d7 wp-block-columns-is-layout-flex\">\n<div class=\"wp-block-column is-layout-flow wp-block-column-is-layout-flow\" style=\"flex-basis:33.33%\"><div class=\"wp-block-image\">\n<figure class=\"aligncenter size-full is-resized\"><img loading=\"lazy\" decoding=\"async\" width=\"278\" height=\"382\" src=\"https:\/\/planeacionestrategicasopo.gov.co\/wp-content\/uploads\/2024\/03\/CC-1077082911-JENIFFER-ALEXIS-CASTIBLANCO.jpg\" alt=\"\" class=\"wp-image-920\" style=\"width:200px\" srcset=\"https:\/\/planeacionsopo.mediawapp.com\/wp-content\/uploads\/2024\/03\/CC-1077082911-JENIFFER-ALEXIS-CASTIBLANCO.jpg 278w, https:\/\/planeacionsopo.mediawapp.com\/wp-content\/uploads\/2024\/03\/CC-1077082911-JENIFFER-ALEXIS-CASTIBLANCO-218x300.jpg 218w\" sizes=\"auto, (max-width: 278px) 100vw, 278px\" \/><\/figure>\n<\/div><\/div>\n\n\n\n<div class=\"wp-block-column is-layout-flow wp-block-column-is-layout-flow\" style=\"flex-basis:66.66%\">\n<p><\/p>\n\n\n\n<p><\/p>\n\n\n\n<p class=\"has-text-align-left\"><strong>Jeniffer Castiblanco<\/strong><br>Administradora Publica, contratista a cargo de brindar acompa\u00f1amiento al proceso de formulaci\u00f3n, implementaci\u00f3n, seguimiento y monitoreo de las herramientas e instrumentos de la gesti\u00f3n p\u00fablica, as\u00ed como el fortalecimiento de las estrategias, herramientas de participaci\u00f3n y atenci\u00f3n al ciudadano.<\/p>\n<\/div>\n<\/div>\n\n\n\n<p><\/p>\n","protected":false},"excerpt":{"rendered":"<p>Omayra Esperanza Cort\u00e9s Ariza Economista, Especialista en Planeaci\u00f3n Territorial, desempe\u00f1a el cargo de jefe de Oficina Asesora de Planeaci\u00f3n Estrat\u00e9gica. Ingrid Camila Tarazona RodriguezIngeniera Ge\u00f3grafa Ambiental con especializaci\u00f3n en Gerencia de Proyectos y en Gesti\u00f3n Publica, desempe\u00f1a el cargo profesional universitario a cargo de la Administraci\u00f3n del Banco de Proyectos y armonizaci\u00f3n del Plan de&hellip;&nbsp;<a href=\"https:\/\/planeacionsopo.mediawapp.com\/index.php\/conoce-nuetro-equipo-de-trabajo\/\" rel=\"bookmark\"><span class=\"screen-reader-text\">Conoce nuestro equipo de trabajo<\/span><\/a><\/p>\n","protected":false},"author":1,"featured_media":0,"parent":0,"menu_order":0,"comment_status":"closed","ping_status":"closed","template":"","meta":{"neve_meta_sidebar":"","neve_meta_container":"","neve_meta_enable_content_width":"","neve_meta_content_width":0,"neve_meta_title_alignment":"","neve_meta_author_avatar":"","neve_post_elements_order":"","neve_meta_disable_header":"","neve_meta_disable_footer":"","neve_meta_disable_title":"","iawp_total_views":144,"footnotes":""},"class_list":["post-361","page","type-page","status-publish","hentry"],"aioseo_notices":[],"_links":{"self":[{"href":"https:\/\/planeacionsopo.mediawapp.com\/index.php\/wp-json\/wp\/v2\/pages\/361","targetHints":{"allow":["GET"]}}],"collection":[{"href":"https:\/\/planeacionsopo.mediawapp.com\/index.php\/wp-json\/wp\/v2\/pages"}],"about":[{"href":"https:\/\/planeacionsopo.mediawapp.com\/index.php\/wp-json\/wp\/v2\/types\/page"}],"author":[{"embeddable":true,"href":"https:\/\/planeacionsopo.mediawapp.com\/index.php\/wp-json\/wp\/v2\/users\/1"}],"replies":[{"embeddable":true,"href":"https:\/\/planeacionsopo.mediawapp.com\/index.php\/wp-json\/wp\/v2\/comments?post=361"}],"version-history":[{"count":14,"href":"https:\/\/planeacionsopo.mediawapp.com\/index.php\/wp-json\/wp\/v2\/pages\/361\/revisions"}],"predecessor-version":[{"id":949,"href":"https:\/\/planeacionsopo.mediawapp.com\/index.php\/wp-json\/wp\/v2\/pages\/361\/revisions\/949"}],"wp:attachment":[{"href":"https:\/\/planeacionsopo.mediawapp.com\/index.php\/wp-json\/wp\/v2\/media?parent=361"}],"curies":[{"name":"wp","href":"https:\/\/api.w.org\/{rel}","templated":true}]}}