{"id":403,"date":"2023-05-08T15:41:51","date_gmt":"2023-05-08T20:41:51","guid":{"rendered":"https:\/\/planeacionsopo.mediawapp.com\/?page_id=403"},"modified":"2024-04-23T18:06:53","modified_gmt":"2024-04-23T23:06:53","slug":"inicio2","status":"publish","type":"page","link":"https:\/\/planeacionsopo.mediawapp.com\/","title":{"rendered":"Inicio"},"content":{"rendered":"\n<div class=\"wp-block-columns is-layout-flex wp-container-core-columns-is-layout-9d6595d7 wp-block-columns-is-layout-flex\">\n<div class=\"wp-block-column animated fadeInDown is-layout-flow wp-block-column-is-layout-flow\"><div class=\"n2_clear\"><ss3-force-full-width data-overflow-x=\"body\" data-horizontal-selector=\"body\"><div class=\"n2-section-smartslider fitvidsignore  n2_clear\" data-ssid=\"2\"><div id=\"n2-ss-2-align\" class=\"n2-ss-align\"><div class=\"n2-padding\"><div id=\"n2-ss-2\" data-creator=\"Smart Slider 3\" data-responsive=\"fullwidth\" class=\"n2-ss-slider n2-ow n2-has-hover n2notransition  \">\n\n\n\n\n\n\n\n\n\n<div class=\"n2-ss-slider-wrapper-inside\">\n        <div class=\"n2-ss-slider-1 n2_ss__touch_element n2-ow\">\n            <div class=\"n2-ss-slider-2 n2-ow\">\n                                                <div class=\"n2-ss-slider-3 n2-ow\">\n\n                    <div class=\"n2-ss-slide-backgrounds n2-ow-all\"><div class=\"n2-ss-slide-background\" data-public-id=\"1\" data-mode=\"fill\"><div class=\"n2-ss-slide-background-image\" data-blur=\"0\" data-opacity=\"50\" data-x=\"50\" data-y=\"50\" data-alt=\"\" data-title=\"\" style=\"opacity:0.5\"><picture class=\"skip-lazy\" data-skip-lazy=\"1\"><img decoding=\"async\" src=\"\/\/planeacionsopo.mediawapp.com\/wp-content\/uploads\/2023\/05\/scott-graham-5fNmWej4tAA-unsplash.jpg\" alt=\"\" title=\"\" loading=\"lazy\" class=\"skip-lazy\" data-skip-lazy=\"1\"><\/picture><\/div><div data-color=\"RGBA(0,0,0,1)\" style=\"background-color: RGBA(0,0,0,1);\" class=\"n2-ss-slide-background-color\"><\/div><\/div><div class=\"n2-ss-slide-background\" data-public-id=\"2\" data-mode=\"fill\" aria-hidden=\"true\"><div class=\"n2-ss-slide-background-image\" data-blur=\"0\" data-opacity=\"50\" data-x=\"50\" data-y=\"50\" data-alt=\"\" data-title=\"\" style=\"opacity:0.5\"><picture class=\"skip-lazy\" data-skip-lazy=\"1\"><img decoding=\"async\" src=\"\/\/planeacionsopo.mediawapp.com\/wp-content\/uploads\/2023\/06\/Metaverso.png\" alt=\"\" title=\"\" loading=\"lazy\" class=\"skip-lazy\" data-skip-lazy=\"1\"><\/picture><\/div><div data-color=\"RGBA(0,0,0,1)\" style=\"background-color: RGBA(0,0,0,1);\" class=\"n2-ss-slide-background-color\"><\/div><\/div><\/div>                    <div class=\"n2-ss-slider-4 n2-ow\">\n                        <svg xmlns=\"http:\/\/www.w3.org\/2000\/svg\" viewBox=\"0 0 1000 600\" data-related-device=\"desktopPortrait\" class=\"n2-ow n2-ss-preserve-size n2-ss-preserve-size--slider n2-ss-slide-limiter\"><\/svg><div data-first=\"1\" data-slide-duration=\"0\" data-id=\"3\" data-slide-public-id=\"1\" data-title=\"scott-graham-5fNmWej4tAA-unsplash\" class=\"n2-ss-slide n2-ow  n2-ss-slide-3\"><div role=\"note\" class=\"n2-ss-slide--focus\" tabindex=\"-1\">scott-graham-5fNmWej4tAA-unsplash<\/div><div class=\"n2-ss-layers-container n2-ss-slide-limiter n2-ow\"><div class=\"n2-ss-layer n2-ow n-uc-WiBDd0FI89EL\" data-sstype=\"slide\" data-pm=\"default\"><div class=\"n2-ss-layer n2-ow n-uc-wOTed0D6Zz8A\" data-pm=\"default\" data-sstype=\"content\" data-hasbackground=\"0\"><div class=\"n2-ss-section-main-content n2-ss-layer-with-background n2-ss-layer-content n2-ow n-uc-wOTed0D6Zz8A-inner\"><div class=\"n2-ss-layer n2-ow n-uc-d72xTJYW2cIA\" data-pm=\"normal\" data-sstype=\"layer\"><div id=\"n2-ss-2item1\" class=\"n2-font-484adb940975da786b86465bf7a7355a-hover   n2-ss-item-content n2-ss-text n2-ow\" style=\"display:block;\">Oficina Asesora de Planeaci\u00f3n Estrat\u00e9gica<\/div><\/div><\/div><\/div><\/div><\/div><\/div><div data-slide-duration=\"0\" data-id=\"5\" data-slide-public-id=\"2\" aria-hidden=\"true\" data-title=\"scott-graham-5fNmWej4tAA-unsplash\" class=\"n2-ss-slide n2-ow  n2-ss-slide-5\"><div role=\"note\" class=\"n2-ss-slide--focus\" tabindex=\"-1\">scott-graham-5fNmWej4tAA-unsplash<\/div><div class=\"n2-ss-layers-container n2-ss-slide-limiter n2-ow\"><div class=\"n2-ss-layer n2-ow n-uc-IQH8RxTvuVLa\" data-sstype=\"slide\" data-pm=\"default\"><div class=\"n2-ss-layer n2-ow n-uc-6qdeJXJvr6pZ\" data-pm=\"default\" data-sstype=\"content\" data-hasbackground=\"0\"><div class=\"n2-ss-section-main-content n2-ss-layer-with-background n2-ss-layer-content n2-ow n-uc-6qdeJXJvr6pZ-inner\"><div class=\"n2-ss-layer n2-ow n-uc-BdMKz4xMDaef\" data-pm=\"normal\" data-sstype=\"layer\"><div class=\"n2-ss-item-content n2-ss-text n2-ow-all\"><div class=\"\"><p class=\"n2-font-3311412c5d3b00afdd7325a2bfa520ec-paragraph   \">Sum\u00e9rgete en el metaverso, y da un vistazo a nuestros principales proyectos de obras p\u00fablicas,  dando clic al siguiente enlace:<br \/>\n<a href=\"http:\/\/tiny.cc\/metaversosopo\" target=\"_blank\"> http:\/\/tiny.cc\/metaversosopo <\/a><\/p>\n<\/div><\/div><\/div><\/div><\/div><\/div><\/div><\/div>                    <\/div>\n\n                                    <\/div>\n            <\/div>\n        <\/div>\n        <div class=\"n2-ss-slider-controls n2-ss-slider-controls-absolute-right-top\"><div style=\"--widget-offset:15px;\" class=\"n2-ss-widget n2-style-f17ddbf2d8ed14421f9093b94b93b8a9-heading nextend-autoplay n2-ow-all nextend-autoplay-image\" role=\"button\" aria-label=\"Iniciar reproducci\u00f3n autom\u00e1tica\" data-pause-label=\"Pausar reproducci\u00f3n autom\u00e1tica\" data-play-label=\"Iniciar reproducci\u00f3n autom\u00e1tica\" tabindex=\"0\"><img loading=\"lazy\" decoding=\"async\" width=\"16\" height=\"16\" class=\"nextend-autoplay-play skip-lazy\" data-skip-lazy=\"1\" src=\"data:image\/svg+xml;base64,PHN2ZyB3aWR0aD0iMTYiIGhlaWdodD0iMTYiIHZpZXdCb3g9IjAgMCAxNiAxNiIgeG1sbnM9Imh0dHA6Ly93d3cudzMub3JnLzIwMDAvc3ZnIj4KICAgIDxwYXRoIGQ9Ik0xMS41OCA3LjAzTDUuMzAyIDIuMTY1QzUuMTY1IDIuMDU3IDUuMDE2IDIgNC44NTcgMiA0LjM4NCAyIDQgMi41MDQgNCAzLjEyNXY5Ljc1YzAgLjYyLjM4NCAxLjEyNS44NTcgMS4xMjUuMTYgMCAuMzA4LS4wNTcuNDM2LS4xNTZMMTEuNTggOC45N2MuMjUtLjE5OC40Mi0uNTU4LjQyLS45NyAwLS40MTItLjE3LS43NzMtLjQyLS45N3oiCiAgICAgICAgICBmaWxsPSIjZmZmZmZmIiBvcGFjaXR5PSIwLjgiIGZpbGwtcnVsZT0iZXZlbm9kZCIvPgo8L3N2Zz4=\" alt=\"Play\"><img loading=\"lazy\" decoding=\"async\" width=\"16\" height=\"16\" class=\"nextend-autoplay-pause skip-lazy\" data-skip-lazy=\"1\" src=\"data:image\/svg+xml;base64,PHN2ZyB3aWR0aD0iMTYiIGhlaWdodD0iMTYiIHZpZXdCb3g9IjAgMCAxNiAxNiIgeG1sbnM9Imh0dHA6Ly93d3cudzMub3JnLzIwMDAvc3ZnIj4KICAgIDxwYXRoIGQ9Ik00IDJ2MTJoM1YySDR6bTUgMHYxMmgzVjJIOXoiIGZpbGw9IiNmZmZmZmYiIG9wYWNpdHk9IjAuOCIgZmlsbC1ydWxlPSJldmVub2RkIi8+Cjwvc3ZnPg==\" alt=\"Pause\"><\/div><\/div><div class=\"n2-ss-slider-controls n2-ss-slider-controls-absolute-left-center\"><div style=\"--widget-offset:15px;\" class=\"n2-ss-widget nextend-arrow n2-ow-all nextend-arrow-previous  nextend-arrow-animated-fade\" id=\"n2-ss-2-arrow-previous\" role=\"button\" aria-label=\"previous arrow\" tabindex=\"0\"><img loading=\"lazy\" decoding=\"async\" width=\"32\" height=\"32\" class=\"skip-lazy\" data-skip-lazy=\"1\" src=\"data:image\/svg+xml;base64,PHN2ZyB3aWR0aD0iMzIiIGhlaWdodD0iMzIiIHZpZXdCb3g9IjAgMCAzMiAzMiIgeG1sbnM9Imh0dHA6Ly93d3cudzMub3JnLzIwMDAvc3ZnIj4KICAgIDxwYXRoIGQ9Ik0xMS40MzMgMTUuOTkyTDIyLjY5IDUuNzEyYy4zOTMtLjM5LjM5My0xLjAzIDAtMS40Mi0uMzkzLS4zOS0xLjAzLS4zOS0xLjQyMyAwbC0xMS45OCAxMC45NGMtLjIxLjIxLS4zLjQ5LS4yODUuNzYtLjAxNS4yOC4wNzUuNTYuMjg0Ljc3bDExLjk4IDEwLjk0Yy4zOTMuMzkgMS4wMy4zOSAxLjQyNCAwIC4zOTMtLjQuMzkzLTEuMDMgMC0xLjQybC0xMS4yNTctMTAuMjkiCiAgICAgICAgICBmaWxsPSIjZmZmZmZmIiBvcGFjaXR5PSIxIiBmaWxsLXJ1bGU9ImV2ZW5vZGQiLz4KPC9zdmc+\" alt=\"previous arrow\"><\/div><\/div><div class=\"n2-ss-slider-controls n2-ss-slider-controls-absolute-right-center\"><div style=\"--widget-offset:15px;\" class=\"n2-ss-widget nextend-arrow n2-ow-all nextend-arrow-next  nextend-arrow-animated-fade\" id=\"n2-ss-2-arrow-next\" role=\"button\" aria-label=\"next arrow\" tabindex=\"0\"><img loading=\"lazy\" decoding=\"async\" width=\"32\" height=\"32\" class=\"skip-lazy\" data-skip-lazy=\"1\" src=\"data:image\/svg+xml;base64,PHN2ZyB3aWR0aD0iMzIiIGhlaWdodD0iMzIiIHZpZXdCb3g9IjAgMCAzMiAzMiIgeG1sbnM9Imh0dHA6Ly93d3cudzMub3JnLzIwMDAvc3ZnIj4KICAgIDxwYXRoIGQ9Ik0xMC43MjIgNC4yOTNjLS4zOTQtLjM5LTEuMDMyLS4zOS0xLjQyNyAwLS4zOTMuMzktLjM5MyAxLjAzIDAgMS40MmwxMS4yODMgMTAuMjgtMTEuMjgzIDEwLjI5Yy0uMzkzLjM5LS4zOTMgMS4wMiAwIDEuNDIuMzk1LjM5IDEuMDMzLjM5IDEuNDI3IDBsMTIuMDA3LTEwLjk0Yy4yMS0uMjEuMy0uNDkuMjg0LS43Ny4wMTQtLjI3LS4wNzYtLjU1LS4yODYtLjc2TDEwLjcyIDQuMjkzeiIKICAgICAgICAgIGZpbGw9IiNmZmZmZmYiIG9wYWNpdHk9IjEiIGZpbGwtcnVsZT0iZXZlbm9kZCIvPgo8L3N2Zz4=\" alt=\"next arrow\"><\/div><\/div><div class=\"n2-ss-slider-controls n2-ss-slider-controls-absolute-center-bottom\"><div style=\"--widget-offset:10px;\" class=\"n2-ss-widget n2-ss-control-bullet n2-ow-all n2-ss-control-bullet-horizontal\"><div class=\"n2-style-89e6829493f6425211df0e3f6998e151-simple  nextend-bullet-bar n2-bar-justify-content-center\" role=\"group\" aria-label=\"Choose slide to display.\"><div class=\"n2-bullet n2-style-0b1501f187dd486f0b3833aafb1a1b8d-dot \" style=\"visibility:hidden;\"><\/div><\/div><\/div><\/div><\/div><\/div><ss3-loader><\/ss3-loader><\/div><\/div><div class=\"n2_clear\"><\/div><\/div><\/ss3-force-full-width><\/div><\/div>\n<\/div>\n\n\n\n<div class=\"wp-block-columns is-layout-flex wp-container-core-columns-is-layout-9d6595d7 wp-block-columns-is-layout-flex\">\n<div class=\"wp-block-column animated backInRight has-nv-site-bg-background-color has-background is-layout-flow wp-block-column-is-layout-flow\">\n<h2 class=\"wp-block-heading has-text-align-center\">Nuestro Trabajo<\/h2>\n\n\n\n<div class=\"wp-block-columns is-layout-flex wp-container-core-columns-is-layout-9d6595d7 wp-block-columns-is-layout-flex\">\n<div class=\"wp-block-column is-layout-flow wp-block-column-is-layout-flow\" style=\"flex-basis:33.33%\">\n<figure class=\"wp-block-image size-large is-resized\"><img loading=\"lazy\" decoding=\"async\" width=\"1024\" height=\"683\" src=\"https:\/\/planeacionsopo.mediawapp.com\/wp-content\/uploads\/2023\/05\/gabrielle-henderson-5HqtJT2l9Gw-unsplash-reducida-1-1024x683.jpg\" alt=\"\" class=\"wp-image-407\" style=\"width:352px;height:234px\" srcset=\"https:\/\/planeacionsopo.mediawapp.com\/wp-content\/uploads\/2023\/05\/gabrielle-henderson-5HqtJT2l9Gw-unsplash-reducida-1-1024x683.jpg 1024w, https:\/\/planeacionsopo.mediawapp.com\/wp-content\/uploads\/2023\/05\/gabrielle-henderson-5HqtJT2l9Gw-unsplash-reducida-1-300x200.jpg 300w, https:\/\/planeacionsopo.mediawapp.com\/wp-content\/uploads\/2023\/05\/gabrielle-henderson-5HqtJT2l9Gw-unsplash-reducida-1-768x512.jpg 768w, https:\/\/planeacionsopo.mediawapp.com\/wp-content\/uploads\/2023\/05\/gabrielle-henderson-5HqtJT2l9Gw-unsplash-reducida-1-930x620.jpg 930w, https:\/\/planeacionsopo.mediawapp.com\/wp-content\/uploads\/2023\/05\/gabrielle-henderson-5HqtJT2l9Gw-unsplash-reducida-1.jpg 1200w\" sizes=\"auto, (max-width: 1024px) 100vw, 1024px\" \/><\/figure>\n<\/div>\n\n\n\n<div class=\"wp-block-column is-layout-flow wp-block-column-is-layout-flow\" style=\"flex-basis:66.66%\">\n<p>La Oficina Asesora de Planeaci\u00f3n Estrat\u00e9gica del municipio de Sop\u00f3, busca desarrollar estrategias integrales al interior de la Administraci\u00f3n P\u00fablica territorial, que generen satisfacci\u00f3n, confianza y dialogo con la comunidad, buscando constantemente soluciones a los retos que propone la gesti\u00f3n p\u00fablica a trav\u00e9s de la utilizaci\u00f3n de instrumentos de planeaci\u00f3n como: Pol\u00edticas P\u00fablicas y Plan de Desarrollo Municipal, teniendo como n\u00facleo principal el talento humano y ejecuci\u00f3n de pol\u00edticas con lineamientos estructurales basados en el Modelo Integrado de Planeaci\u00f3n y Gesti\u00f3n \u2013 MIPG, orientados al beneficio de la poblaci\u00f3n, impactando el desarrollo local y regional, a partir de una mejor gesti\u00f3n, mejoramiento del servicio, calidad, respecto a la diversidad y la inclusi\u00f3n.<\/p>\n<\/div>\n<\/div>\n<\/div>\n<\/div>\n\n\n\n<div class=\"wp-block-columns animated slideInLeft slow has-nv-text-dark-bg-background-color has-background is-layout-flex wp-container-core-columns-is-layout-9d6595d7 wp-block-columns-is-layout-flex\">\n<div class=\"wp-block-column is-layout-flow wp-block-column-is-layout-flow\">\n<h2 class=\"wp-block-heading has-text-align-center\">Noticias, Encuentros, Eventos y Dem\u00e1s<\/h2>\n\n\n\n<div class=\"wp-block-query is-layout-flow wp-block-query-is-layout-flow\"><ul class=\"wp-block-post-template is-layout-flow wp-block-post-template-is-layout-flow\"><li class=\"wp-block-post post-952 post type-post status-publish format-standard has-post-thumbnail hentry category-noticias\">\n\n<div class=\"wp-block-columns alignwide is-layout-flex wp-container-core-columns-is-layout-9d6595d7 wp-block-columns-is-layout-flex\">\n<div class=\"wp-block-column is-layout-flow wp-block-column-is-layout-flow\" style=\"flex-basis:40%\"><figure class=\"wp-block-post-featured-image\"><a href=\"https:\/\/planeacionsopo.mediawapp.com\/index.php\/2024\/04\/30\/plan-de-desarrollo-cuenta-contigo-2024-2027\/\" target=\"_self\"  ><img loading=\"lazy\" decoding=\"async\" width=\"661\" height=\"486\" src=\"https:\/\/planeacionsopo.mediawapp.com\/wp-content\/uploads\/2024\/05\/image.png\" class=\"attachment-post-thumbnail size-post-thumbnail wp-post-image\" alt=\"Plan de Desarrollo \u201cCuenta Contigo 2024 &#8211; 2027\u201d\" style=\"object-fit:cover;\" srcset=\"https:\/\/planeacionsopo.mediawapp.com\/wp-content\/uploads\/2024\/05\/image.png 661w, https:\/\/planeacionsopo.mediawapp.com\/wp-content\/uploads\/2024\/05\/image-300x221.png 300w\" sizes=\"auto, (max-width: 661px) 100vw, 661px\" \/><\/a><\/figure><\/div>\n\n\n\n<div class=\"wp-block-column is-layout-flow wp-block-column-is-layout-flow\" style=\"flex-basis:80%\"><h2 class=\"wp-block-post-title\"><a href=\"https:\/\/planeacionsopo.mediawapp.com\/index.php\/2024\/04\/30\/plan-de-desarrollo-cuenta-contigo-2024-2027\/\" target=\"_self\" >Plan de Desarrollo \u201cCuenta Contigo 2024 &#8211; 2027\u201d<\/a><\/h2>\n\n<div class=\"wp-block-post-excerpt\"><p class=\"wp-block-post-excerpt__excerpt\">Hoy radicamos nuestro Plan de Desarrollo \u201cCuenta Contigo 2024 &#8211; 2027\u201d ante el Concejo Municipal. Despu\u00e9s de 49 mesas de trabajo donde escuchamos las necesidades e inquietudes de la comunidad, estructuramos un documento que guiar\u00e1 nuestras acciones durante los pr\u00f3ximos cuatro a\u00f1os. Clic para ver video <\/p><\/div><\/div>\n<\/div>\n\n<\/li><li class=\"wp-block-post post-933 post type-post status-publish format-standard hentry category-noticias\">\n\n<div class=\"wp-block-columns alignwide is-layout-flex wp-container-core-columns-is-layout-9d6595d7 wp-block-columns-is-layout-flex\">\n<div class=\"wp-block-column is-layout-flow wp-block-column-is-layout-flow\" style=\"flex-basis:40%\"><\/div>\n\n\n\n<div class=\"wp-block-column is-layout-flow wp-block-column-is-layout-flow\" style=\"flex-basis:80%\"><h2 class=\"wp-block-post-title\"><a href=\"https:\/\/planeacionsopo.mediawapp.com\/index.php\/2024\/03\/14\/construccion-de-la-casa-de-justicia-de-sopo-cundinamarca\/\" target=\"_self\" >\u00abConstrucci\u00f3n de la Casa de Justicia de Sop\u00f3 \u2013 Cundinamarca\u00bb<\/a><\/h2>\n\n<div class=\"wp-block-post-excerpt\"><p class=\"wp-block-post-excerpt__excerpt\">Recibimos la visita de funcionarios del Ministerio de Justicia para revisar el proyecto de la \u00abConstrucci\u00f3n de la Casa de Justicia de Sop\u00f3 \u2013 Cundinamarca\u00bb. Adem\u00e1s, nos brindaron apoyo t\u00e9cnico sobre los lineamientos de pol\u00edtica p\u00fablica para incorporar en el Plan de Desarrollo Municipal 2024-2027 \u00abSop\u00f3 Cuenta Contigo\u00bb. En nuestro compromiso por garantizar derechos y&hellip; <\/p><\/div><\/div>\n<\/div>\n\n<\/li><li class=\"wp-block-post post-904 post type-post status-publish format-standard has-post-thumbnail hentry category-noticias\">\n\n<div class=\"wp-block-columns alignwide is-layout-flex wp-container-core-columns-is-layout-9d6595d7 wp-block-columns-is-layout-flex\">\n<div class=\"wp-block-column is-layout-flow wp-block-column-is-layout-flow\" style=\"flex-basis:40%\"><figure class=\"wp-block-post-featured-image\"><a href=\"https:\/\/planeacionsopo.mediawapp.com\/index.php\/2024\/02\/26\/gracias-sopo\/\" target=\"_self\"  ><img loading=\"lazy\" decoding=\"async\" width=\"1388\" height=\"722\" src=\"https:\/\/planeacionsopo.mediawapp.com\/wp-content\/uploads\/2024\/02\/image-1.png\" class=\"attachment-post-thumbnail size-post-thumbnail wp-post-image\" alt=\"\u00a1Gracias, Sop\u00f3!\" style=\"object-fit:cover;\" srcset=\"https:\/\/planeacionsopo.mediawapp.com\/wp-content\/uploads\/2024\/02\/image-1.png 1388w, https:\/\/planeacionsopo.mediawapp.com\/wp-content\/uploads\/2024\/02\/image-1-300x156.png 300w, https:\/\/planeacionsopo.mediawapp.com\/wp-content\/uploads\/2024\/02\/image-1-1024x533.png 1024w, https:\/\/planeacionsopo.mediawapp.com\/wp-content\/uploads\/2024\/02\/image-1-768x399.png 768w\" sizes=\"auto, (max-width: 1388px) 100vw, 1388px\" \/><\/a><\/figure><\/div>\n\n\n\n<div class=\"wp-block-column is-layout-flow wp-block-column-is-layout-flow\" style=\"flex-basis:80%\"><h2 class=\"wp-block-post-title\"><a href=\"https:\/\/planeacionsopo.mediawapp.com\/index.php\/2024\/02\/26\/gracias-sopo\/\" target=\"_self\" >\u00a1Gracias, Sop\u00f3!<\/a><\/h2>\n\n<div class=\"wp-block-post-excerpt\"><p class=\"wp-block-post-excerpt__excerpt\">Se realizaron 49 mesas de trabajo. Identificamos desaf\u00edos y construimos soluciones juntos. \u00a1Seguimos trabajando! Porque Sop\u00f3 se planea contigo. Clic para ver video #Planeaci\u00f3nEstrat\u00e9gica#Sop\u00f3SePlaneaContigo <\/p><\/div><\/div>\n<\/div>\n\n<\/li><\/ul><\/div>\n\n\n\n<div class=\"wp-block-buttons is-content-justification-center is-layout-flex wp-container-core-buttons-is-layout-16018d1d wp-block-buttons-is-layout-flex\">\n<div class=\"wp-block-button animated bounceInUp\"><a class=\"wp-block-button__link has-nv-site-bg-color has-neve-link-hover-color-background-color has-text-color has-background wp-element-button\" href=\"https:\/\/planeacionsopo.mediawapp.com\/index.php\/noticias\/\">Ver m\u00e1s Noticias<\/a><\/div>\n<\/div>\n<\/div>\n<\/div>\n","protected":false},"excerpt":{"rendered":"<p>Nuestro Trabajo La Oficina Asesora de Planeaci\u00f3n Estrat\u00e9gica del municipio de Sop\u00f3, busca desarrollar estrategias integrales al interior de la Administraci\u00f3n P\u00fablica territorial, que generen satisfacci\u00f3n, confianza y dialogo con la comunidad, buscando constantemente soluciones a los retos que propone la gesti\u00f3n p\u00fablica a trav\u00e9s de la utilizaci\u00f3n de instrumentos de planeaci\u00f3n como: Pol\u00edticas P\u00fablicas&hellip;&nbsp;<a href=\"https:\/\/planeacionsopo.mediawapp.com\/\" rel=\"bookmark\"><span class=\"screen-reader-text\">Inicio<\/span><\/a><\/p>\n","protected":false},"author":1,"featured_media":0,"parent":0,"menu_order":0,"comment_status":"closed","ping_status":"closed","template":"","meta":{"neve_meta_sidebar":"","neve_meta_container":"default","neve_meta_enable_content_width":"","neve_meta_content_width":0,"neve_meta_title_alignment":"","neve_meta_author_avatar":"","neve_post_elements_order":"","neve_meta_disable_header":"","neve_meta_disable_footer":"","neve_meta_disable_title":"on","iawp_total_views":1127,"footnotes":""},"class_list":["post-403","page","type-page","status-publish","hentry"],"aioseo_notices":[],"_links":{"self":[{"href":"https:\/\/planeacionsopo.mediawapp.com\/index.php\/wp-json\/wp\/v2\/pages\/403","targetHints":{"allow":["GET"]}}],"collection":[{"href":"https:\/\/planeacionsopo.mediawapp.com\/index.php\/wp-json\/wp\/v2\/pages"}],"about":[{"href":"https:\/\/planeacionsopo.mediawapp.com\/index.php\/wp-json\/wp\/v2\/types\/page"}],"author":[{"embeddable":true,"href":"https:\/\/planeacionsopo.mediawapp.com\/index.php\/wp-json\/wp\/v2\/users\/1"}],"replies":[{"embeddable":true,"href":"https:\/\/planeacionsopo.mediawapp.com\/index.php\/wp-json\/wp\/v2\/comments?post=403"}],"version-history":[{"count":33,"href":"https:\/\/planeacionsopo.mediawapp.com\/index.php\/wp-json\/wp\/v2\/pages\/403\/revisions"}],"predecessor-version":[{"id":946,"href":"https:\/\/planeacionsopo.mediawapp.com\/index.php\/wp-json\/wp\/v2\/pages\/403\/revisions\/946"}],"wp:attachment":[{"href":"https:\/\/planeacionsopo.mediawapp.com\/index.php\/wp-json\/wp\/v2\/media?parent=403"}],"curies":[{"name":"wp","href":"https:\/\/api.w.org\/{rel}","templated":true}]}}