{"id":607,"date":"2023-08-14T09:40:42","date_gmt":"2023-08-14T14:40:42","guid":{"rendered":"https:\/\/planeacionestrategicasopo.gov.co\/?page_id=607"},"modified":"2023-08-14T09:53:54","modified_gmt":"2023-08-14T14:53:54","slug":"arboles-en-parques-y-vias-de-sopo","status":"publish","type":"page","link":"https:\/\/planeacionsopo.mediawapp.com\/index.php\/arboles-en-parques-y-vias-de-sopo\/","title":{"rendered":"\u00c1rboles en parques y v\u00edas de Sop\u00f3"},"content":{"rendered":"\n<div class='tableauPlaceholder' id='viz1689098985648' style='position: relative'><noscript><a href='#'><img alt=' ' src='https:&#47;&#47;public.tableau.com&#47;static&#47;images&#47;4S&#47;4SPRZM7W2&#47;1_rss.png' style='border: none' \/><\/a><\/noscript><object class='tableauViz'  style='display:none;'><param name='host_url' value='https%3A%2F%2Fpublic.tableau.com%2F' \/> <param name='embed_code_version' value='3' \/> <param name='path' value='shared&#47;4SPRZM7W2' \/> <param name='toolbar' value='yes' \/><param name='static_image' value='https:&#47;&#47;public.tableau.com&#47;static&#47;images&#47;4S&#47;4SPRZM7W2&#47;1.png' \/> <param name='animate_transition' value='yes' \/><param name='display_static_image' value='yes' \/><param name='display_spinner' value='yes' \/><param name='display_overlay' value='yes' \/><param name='display_count' value='yes' \/><param name='language' value='es-ES' \/><\/object><\/div>                <script type='text\/javascript'>                    var divElement = document.getElementById('viz1689098985648');                    var vizElement = divElement.getElementsByTagName('object')[0];                    if ( divElement.offsetWidth > 800 ) { vizElement.style.minWidth='1000px';vizElement.style.maxWidth='100%';vizElement.style.minHeight='850px';vizElement.style.maxHeight=(divElement.offsetWidth*0.75)+'px';} else if ( divElement.offsetWidth > 500 ) { vizElement.style.minWidth='1000px';vizElement.style.maxWidth='100%';vizElement.style.minHeight='850px';vizElement.style.maxHeight=(divElement.offsetWidth*0.75)+'px';} else { vizElement.style.width='100%';vizElement.style.minHeight='1250px';vizElement.style.maxHeight=(divElement.offsetWidth*1.77)+'px';}                     var scriptElement = document.createElement('script');                    scriptElement.src = 'https:\/\/public.tableau.com\/javascripts\/api\/viz_v1.js';                    vizElement.parentNode.insertBefore(scriptElement, vizElement);         \u00a0\u00a0\u00a0\u00a0\u00a0\u00a0\u00a0<\/script>\n\n\n\n<p>Conjunto de datos original: <a href=\"https:\/\/www.datos.gov.co\/Ambiente-y-Desarrollo-Sostenible\/-rboles-en-parques-y-v-as-en-el-Municipio-de-Sop-\/kxnt-8x6c\" target=\"_blank\" rel=\"noopener\" title=\"\">Clic Aqu\u00ed<\/a><\/p>\n\n\n\n<div style=\"height:12px\" aria-hidden=\"true\" class=\"wp-block-spacer\"><\/div>\n","protected":false},"excerpt":{"rendered":"<p>Conjunto de datos original: Clic Aqu\u00ed<\/p>\n","protected":false},"author":1,"featured_media":0,"parent":0,"menu_order":0,"comment_status":"closed","ping_status":"closed","template":"","meta":{"neve_meta_sidebar":"","neve_meta_container":"","neve_meta_enable_content_width":"","neve_meta_content_width":0,"neve_meta_title_alignment":"","neve_meta_author_avatar":"","neve_post_elements_order":"","neve_meta_disable_header":"","neve_meta_disable_footer":"","neve_meta_disable_title":"","iawp_total_views":80,"footnotes":""},"class_list":["post-607","page","type-page","status-publish","hentry"],"aioseo_notices":[],"_links":{"self":[{"href":"https:\/\/planeacionsopo.mediawapp.com\/index.php\/wp-json\/wp\/v2\/pages\/607","targetHints":{"allow":["GET"]}}],"collection":[{"href":"https:\/\/planeacionsopo.mediawapp.com\/index.php\/wp-json\/wp\/v2\/pages"}],"about":[{"href":"https:\/\/planeacionsopo.mediawapp.com\/index.php\/wp-json\/wp\/v2\/types\/page"}],"author":[{"embeddable":true,"href":"https:\/\/planeacionsopo.mediawapp.com\/index.php\/wp-json\/wp\/v2\/users\/1"}],"replies":[{"embeddable":true,"href":"https:\/\/planeacionsopo.mediawapp.com\/index.php\/wp-json\/wp\/v2\/comments?post=607"}],"version-history":[{"count":8,"href":"https:\/\/planeacionsopo.mediawapp.com\/index.php\/wp-json\/wp\/v2\/pages\/607\/revisions"}],"predecessor-version":[{"id":618,"href":"https:\/\/planeacionsopo.mediawapp.com\/index.php\/wp-json\/wp\/v2\/pages\/607\/revisions\/618"}],"wp:attachment":[{"href":"https:\/\/planeacionsopo.mediawapp.com\/index.php\/wp-json\/wp\/v2\/media?parent=607"}],"curies":[{"name":"wp","href":"https:\/\/api.w.org\/{rel}","templated":true}]}}