{"id":92,"date":"2022-07-11T17:03:33","date_gmt":"2022-07-11T17:03:33","guid":{"rendered":"https:\/\/planeacionsopo.mediawapp.com\/?page_id=92"},"modified":"2022-08-18T16:27:59","modified_gmt":"2022-08-18T16:27:59","slug":"funciones-de-la-oficina","status":"publish","type":"page","link":"https:\/\/planeacionsopo.mediawapp.com\/index.php\/funciones-de-la-oficina\/","title":{"rendered":"Funciones de la oficina"},"content":{"rendered":"\n<ol class=\"wp-block-list\" type=\"1\"><li>Coordinar la elaboraci\u00f3n, seguimiento y evaluaci\u00f3n del Plan de Desarrollo Municipal y articular con las dem\u00e1s dependencias municipales, las pol\u00edticas de corto, mediano y largo plazo para el desarrollo f\u00edsico, social, econ\u00f3mico, ambiental y administrativo municipal, dando una especial prioridad a la participaci\u00f3n de los habitantes del territorio.<\/li><li>Dirigir la elaboraci\u00f3n, an\u00e1lisis y seguimiento de indicadores de gesti\u00f3n que permitan controlar y evaluar constantemente la gesti\u00f3n del municipio, llevando un control riguroso acerca del cumplimiento de las metas a trav\u00e9s de los indicadores propuestos en el plan.<\/li><li>Definir las pol\u00edticas y procedimientos para la adquisici\u00f3n de bienes y servicios, incluyendo el Plan Anual de Adquisiciones \u2013 PAA, que permitan el \u00f3ptimo funcionamiento de la Alcald\u00eda Municipal, de conformidad con la normatividad vigente.<\/li><li>Coordinar el desarrollo y mejora continua del Sistema Integrado de Gesti\u00f3n de la Alcald\u00eda Municipal y mantener actualizada la documentaci\u00f3n de los procesos y procedimientos que conforman el modelo de operaci\u00f3n del municipio.<\/li><li>Dise\u00f1ar, formular y presentar ante las autoridades competentes, proyectos de desarrollo acordes al Plan de Desarrollo Municipal y Nacional e implementar y administrar el banco de proyectos del municipio y los asociados al Sistema General de Regal\u00edas.<\/li><li>Coordinar y orientar la recopilaci\u00f3n, provisi\u00f3n, consolidaci\u00f3n y an\u00e1lisis de la informaci\u00f3n, las estad\u00edsticas, los modelos y los indicadores econ\u00f3micos, sociales, culturales, ambientales, territoriales, de productividad y de competitividad, para la toma de decisiones en materia de planeaci\u00f3n estrat\u00e9gica.<\/li><li>Liderar y coordinar la metodolog\u00eda y modelos para la extracci\u00f3n, procesamiento, miner\u00eda y an\u00e1lisis de datos textuales para mejorar la capacidad de an\u00e1lisis de la entidad y la toma de decisiones de cara a satisfacer las demandas de bienes y servicios del cliente interno y externo.<\/li><li>Articular con el \u00e1mbito regional la formulaci\u00f3n de las pol\u00edticas y planes de desarrollo conjunto, las pol\u00edticas y planes de desarrollo estrat\u00e9gico municipal en el proceso de formulaci\u00f3n, implementaci\u00f3n y seguimiento del Plan de Ordenamiento Territorial.<\/li><li>Orientar y liderar la formulaci\u00f3n y seguimiento de las pol\u00edticas, planes, programas y proyectos y proponer criterios de priorizaci\u00f3n de recursos para la asignaci\u00f3n del gasto p\u00fablico y administrar el Banco de Programas y Proyectos de Inversi\u00f3n Municipal.<\/li><li>Liderar en el \u00e1mbito regional y nacional la movilizaci\u00f3n de estrategias para la formulaci\u00f3n de pol\u00edticas y planes de desarrollo conjuntos, mediante convenios o acuerdos marcos de voluntades, de acuerdo con los lineamientos establecidos por la ley.<\/li><li>Coordinar el dise\u00f1o y la implementaci\u00f3n de los instrumentos de focalizaci\u00f3n para la asignaci\u00f3n de servicios sociales b\u00e1sicos y para la administraci\u00f3n del SISB\u00c9N.<\/li><li>Integrar los comit\u00e9s que le correspondan y desempe\u00f1ar las funciones de secretar\u00eda t\u00e9cnica de los distintos comit\u00e9s relacionados con su competencia, designados por la ley o delegados por el alcalde, elaborando las citaciones, seguimiento, verificaci\u00f3n y convocando al comit\u00e9 de acuerdo con lo reglamentado para su funcionamiento.<\/li><li>Orientar y coordinar la operaci\u00f3n del Sistema de Gesti\u00f3n de Calidad del municipio, mediante acciones coordinadas con la alta direcci\u00f3n para planear, ejecutar y controlar las actividades que se requieran dentro de la misionalidad de la entidad y la prestaci\u00f3n de sus servicios con altos est\u00e1ndares a trav\u00e9s de la medici\u00f3n de las diversas herramientas e indicadores del sistema de manera transversal al Modelo Integrado de Planeaci\u00f3n y Gesti\u00f3n \u2013 MIPG o modelo que haga sus veces y dem\u00e1s sistemas de gesti\u00f3n.<\/li><li>Rendir los informes peri\u00f3dicos de gesti\u00f3n que se le soliciten por el alcalde y dependencias al interior de la alcald\u00eda municipal y dem\u00e1s autoridades competentes.<\/li><li>Dise\u00f1ar e implementar estrategias y espacios de participaci\u00f3n para el dise\u00f1o y ejecuci\u00f3n de pol\u00edticas p\u00fablicas municipales, a trav\u00e9s de diversos instrumentos sobre temas relevantes al desarrollo del municipio o a sectores de la comunidad.<\/li><li>Planear, dirigir y articular convenios y asociaciones de naturaleza p\u00fablica o privadas para garantizar y mejorar el desarrollo municipal y, en especial, el mejoramiento de la calidad de vida de los habitantes.<\/li><li>Promover estrategias de cooperaci\u00f3n internacional y regional, proyectos especiales y externos, identificando alianzas nacionales e internacionales y regionales, as\u00ed como movilizar la suscripci\u00f3n de convenios y la identificaci\u00f3n de oferta y demanda de cooperaci\u00f3n con el fin de facilitar la cooperaci\u00f3n t\u00e9cnica y financiera.<\/li><li>Liderar la formulaci\u00f3n del plan anticorrupci\u00f3n y de atenci\u00f3n al ciudadano y las estrategias de tr\u00e1mites, rendici\u00f3n de cuentas y participaci\u00f3n ciudadana, conforme a la normatividad vigente.<\/li><li>Dirigir y coordinar los mecanismos de dise\u00f1o, formulaci\u00f3n, seguimiento y evaluaci\u00f3n de las pol\u00edticas p\u00fablicas municipales, en armon\u00eda con la competencia de las dependencias, desarrollando labores estrat\u00e9gicas para la retroalimentaci\u00f3n en el dise\u00f1o de las pol\u00edticas p\u00fablicas a formular con la disposici\u00f3n adecuada de la informaci\u00f3n relacionada para procesos de rendici\u00f3n de cuentas.<\/li><li>Integrar los mecanismos para garantizar la debida prestaci\u00f3n de los servicios p\u00fablicos domiciliarios en el municipio de sop\u00f3.<\/li><li>Definir mecanismos de distribuci\u00f3n de subsidios para el acceso a los servicios p\u00fablicos domiciliarios de los usuarios de mejores ingresos con cargo al presupuesto municipal.<\/li><li>Dirigir la operaci\u00f3n de los sistemas de recolecci\u00f3n, procesamiento, an\u00e1lisis de informaci\u00f3n municipal, buscando la mejora en la toma de decisiones, y en coordinaci\u00f3n con la Secretar\u00eda de Hacienda lo que respecte al modulo presupuestal de inversiones del municipio.<\/li><li>Liderar la aplicabilidad a nivel territorial de lo dispuesto por el gobierno nacional frente a las pol\u00edticas de Gobierno Digital y sus relacionadas, velando entre otras por la adecuada publicaci\u00f3n de informaci\u00f3n en el link de transparencia y acceso a la informaci\u00f3n p\u00fablica conforme a la normatividad vigente.<\/li><\/ol>\n","protected":false},"excerpt":{"rendered":"<p>Coordinar la elaboraci\u00f3n, seguimiento y evaluaci\u00f3n del Plan de Desarrollo Municipal y articular con las dem\u00e1s dependencias municipales, las pol\u00edticas de corto, mediano y largo plazo para el desarrollo f\u00edsico, social, econ\u00f3mico, ambiental y administrativo municipal, dando una especial prioridad a la participaci\u00f3n de los habitantes del territorio. Dirigir la elaboraci\u00f3n, an\u00e1lisis y seguimiento de&hellip;&nbsp;<a href=\"https:\/\/planeacionsopo.mediawapp.com\/index.php\/funciones-de-la-oficina\/\" rel=\"bookmark\"><span class=\"screen-reader-text\">Funciones de la oficina<\/span><\/a><\/p>\n","protected":false},"author":1,"featured_media":0,"parent":0,"menu_order":0,"comment_status":"closed","ping_status":"closed","template":"","meta":{"neve_meta_sidebar":"","neve_meta_container":"","neve_meta_enable_content_width":"","neve_meta_content_width":0,"neve_meta_title_alignment":"","neve_meta_author_avatar":"","neve_post_elements_order":"","neve_meta_disable_header":"","neve_meta_disable_footer":"","neve_meta_disable_title":"","iawp_total_views":38,"footnotes":""},"class_list":["post-92","page","type-page","status-publish","hentry"],"aioseo_notices":[],"_links":{"self":[{"href":"https:\/\/planeacionsopo.mediawapp.com\/index.php\/wp-json\/wp\/v2\/pages\/92","targetHints":{"allow":["GET"]}}],"collection":[{"href":"https:\/\/planeacionsopo.mediawapp.com\/index.php\/wp-json\/wp\/v2\/pages"}],"about":[{"href":"https:\/\/planeacionsopo.mediawapp.com\/index.php\/wp-json\/wp\/v2\/types\/page"}],"author":[{"embeddable":true,"href":"https:\/\/planeacionsopo.mediawapp.com\/index.php\/wp-json\/wp\/v2\/users\/1"}],"replies":[{"embeddable":true,"href":"https:\/\/planeacionsopo.mediawapp.com\/index.php\/wp-json\/wp\/v2\/comments?post=92"}],"version-history":[{"count":3,"href":"https:\/\/planeacionsopo.mediawapp.com\/index.php\/wp-json\/wp\/v2\/pages\/92\/revisions"}],"predecessor-version":[{"id":220,"href":"https:\/\/planeacionsopo.mediawapp.com\/index.php\/wp-json\/wp\/v2\/pages\/92\/revisions\/220"}],"wp:attachment":[{"href":"https:\/\/planeacionsopo.mediawapp.com\/index.php\/wp-json\/wp\/v2\/media?parent=92"}],"curies":[{"name":"wp","href":"https:\/\/api.w.org\/{rel}","templated":true}]}}