{"id":94,"date":"2022-07-11T17:04:16","date_gmt":"2022-07-11T17:04:16","guid":{"rendered":"https:\/\/planeacionsopo.mediawapp.com\/?page_id=94"},"modified":"2022-08-18T16:27:04","modified_gmt":"2022-08-18T16:27:04","slug":"objetivos","status":"publish","type":"page","link":"https:\/\/planeacionsopo.mediawapp.com\/index.php\/objetivos\/","title":{"rendered":"Objetivos"},"content":{"rendered":"\n<ul class=\"wp-block-list\"><li><strong>Escenario de cambio: <\/strong>Es tiempo de una nueva gesti\u00f3n con planificaci\u00f3n, transparencia y calidad.<\/li><\/ul>\n\n\n\n<ul class=\"wp-block-list\"><li><strong>Objetivo del escenario de cambio: <\/strong>Adoptar como filosof\u00eda del que hacer publico una Gesti\u00f3n con Planificaci\u00f3n, Transparencia y Calidad, donde el servidor p\u00fablico, los actores sociales y la sociedad civil establezcan una sinergia constructiva en el dise\u00f1o y la toma de decisiones en todos los niveles frente a la ejecuci\u00f3n de los planes, programas y proyectos de la administraci\u00f3n, teniendo como pilares la promoci\u00f3n de generaci\u00f3n de valor mediante la innovaci\u00f3n en la gesti\u00f3n p\u00fablica.<\/li><\/ul>\n\n\n\n<ul class=\"wp-block-list\"><li><strong>Prospectiva organizacional: <\/strong>Modelo Integrado de Planeaci\u00f3n y Gesti\u00f3n<\/li><\/ul>\n\n\n\n<ul class=\"wp-block-list\"><li><strong>Objetivo de la prospectiva:<\/strong> Desarrollar un esquema de integralidad estructural de la administraci\u00f3n p\u00fablica territorial que genere la satisfacci\u00f3n de la comunidad, buscando entre otras, soluciones a los retos de la gesti\u00f3n p\u00fablica a trav\u00e9s de la tecnolog\u00eda, teniendo como n\u00facleo el ser humano y la ejecuci\u00f3n de pol\u00edticas con lineamientos estructurales del Modelo Integrado de Planeaci\u00f3n y Gesti\u00f3n MIPG, orientados al beneficio de la poblaci\u00f3n, impactando el desarrollo local y regional, a partir de una mejor gesti\u00f3n del talento humano, mejoramiento del servicio, el valor agregado, la calidad, avances en sistemas de informaci\u00f3n, el respeto a la diversidad y la inclusi\u00f3n.<\/li><\/ul>\n\n\n\n<ul class=\"wp-block-list\"><li><strong>Escenario de apuesta:<\/strong> Planeaci\u00f3n estrat\u00e9gica y prospectiva, una nueva forma de organizaci\u00f3n<\/li><\/ul>\n\n\n","protected":false},"excerpt":{"rendered":"<p>Escenario de cambio: Es tiempo de una nueva gesti\u00f3n con planificaci\u00f3n, transparencia y calidad. Objetivo del escenario de cambio: Adoptar como filosof\u00eda del que hacer publico una Gesti\u00f3n con Planificaci\u00f3n, Transparencia y Calidad, donde el servidor p\u00fablico, los actores sociales y la sociedad civil establezcan una sinergia constructiva en el dise\u00f1o y la toma de&hellip;&nbsp;<a href=\"https:\/\/planeacionsopo.mediawapp.com\/index.php\/objetivos\/\" rel=\"bookmark\"><span class=\"screen-reader-text\">Objetivos<\/span><\/a><\/p>\n","protected":false},"author":1,"featured_media":0,"parent":0,"menu_order":0,"comment_status":"closed","ping_status":"closed","template":"","meta":{"neve_meta_sidebar":"","neve_meta_container":"","neve_meta_enable_content_width":"","neve_meta_content_width":0,"neve_meta_title_alignment":"","neve_meta_author_avatar":"","neve_post_elements_order":"","neve_meta_disable_header":"","neve_meta_disable_footer":"","neve_meta_disable_title":"","iawp_total_views":19,"footnotes":""},"class_list":["post-94","page","type-page","status-publish","hentry"],"aioseo_notices":[],"_links":{"self":[{"href":"https:\/\/planeacionsopo.mediawapp.com\/index.php\/wp-json\/wp\/v2\/pages\/94","targetHints":{"allow":["GET"]}}],"collection":[{"href":"https:\/\/planeacionsopo.mediawapp.com\/index.php\/wp-json\/wp\/v2\/pages"}],"about":[{"href":"https:\/\/planeacionsopo.mediawapp.com\/index.php\/wp-json\/wp\/v2\/types\/page"}],"author":[{"embeddable":true,"href":"https:\/\/planeacionsopo.mediawapp.com\/index.php\/wp-json\/wp\/v2\/users\/1"}],"replies":[{"embeddable":true,"href":"https:\/\/planeacionsopo.mediawapp.com\/index.php\/wp-json\/wp\/v2\/comments?post=94"}],"version-history":[{"count":3,"href":"https:\/\/planeacionsopo.mediawapp.com\/index.php\/wp-json\/wp\/v2\/pages\/94\/revisions"}],"predecessor-version":[{"id":219,"href":"https:\/\/planeacionsopo.mediawapp.com\/index.php\/wp-json\/wp\/v2\/pages\/94\/revisions\/219"}],"wp:attachment":[{"href":"https:\/\/planeacionsopo.mediawapp.com\/index.php\/wp-json\/wp\/v2\/media?parent=94"}],"curies":[{"name":"wp","href":"https:\/\/api.w.org\/{rel}","templated":true}]}}